{"id":109,"date":"2025-11-15T09:43:20","date_gmt":"2025-11-15T09:43:20","guid":{"rendered":"https:\/\/adlyagency.com\/?page_id=109"},"modified":"2025-11-15T09:58:03","modified_gmt":"2025-11-15T09:58:03","slug":"contact","status":"publish","type":"page","link":"https:\/\/adlyagency.com\/?page_id=109","title":{"rendered":"Contact"},"content":{"rendered":"\n<h3 class=\"wp-block-heading\">Fa\u00e7onnons ensemble votre avenir num\u00e9rique<\/h3>\n\n\n\n<p>Discutons ensemble de la mani\u00e8re dont nous pouvons collaborer pour fa\u00e7onner l&rsquo;avenir de votre marque dans le paysage num\u00e9rique.<\/p>\n\n\n\t\t\t<div class=\"srfm-form-container srfm-form-container-113 srfm-bg-color\">\n\t\t\t<style>\n\t\t\t\t\/* Need to check and remove the input variables related to the Style Tab. *\/\n\t\t\t\t.srfm-form-container-113 {\n\t\t\t\t\t\/* New test variables *\/\n\t\t\t\t\t--srfm-color-scheme-primary: #a40000;\n\t\t\t\t\t--srfm-color-scheme-text-on-primary: #FFFFFF;\n\t\t\t\t\t--srfm-color-scheme-text: #ffffff;\n\t\t\t\t\t--srfm-quill-editor-color: #a40000;\n\n\t\t\t\t\t--srfm-color-input-label: #ffffff;\n\t\t\t\t\t--srfm-color-input-description: hsl( from #ffffff h s l \/ 0.65 );\n\t\t\t\t\t--srfm-color-input-placeholder: hsl( from #ffffff h s l \/ 0.5 );\n\t\t\t\t\t--srfm-color-input-text: #ffffff;\n\t\t\t\t\t--srfm-color-input-prefix: hsl( from #ffffff h s l \/ 0.65 );\n\t\t\t\t\t--srfm-color-input-background: hsl( from #ffffff h s l \/ 0.02 );\n\t\t\t\t\t--srfm-color-input-background-hover: hsl( from #ffffff h s l \/ 0.05 );\n\t\t\t\t\t--srfm-color-input-background-disabled: hsl( from #ffffff h s l \/ 0.07 );\n\t\t\t\t\t--srfm-color-input-border: hsl( from #ffffff h s l \/ 0.25 );\n\t\t\t\t\t--srfm-color-input-border-disabled: hsl( from #ffffff h s l \/ 0.15 );\n\t\t\t\t\t--srfm-color-multi-choice-svg: hsl( from #ffffff h s l \/ 0.7 );\n\t\t\t\t\t--srfm-color-input-border-hover: hsl( from #a40000 h s l \/ 0.65 );\n\t\t\t\t\t--srfm-color-input-border-focus-glow: hsl( from #a40000 h s l \/ 0.15 );\n\t\t\t\t\t--srfm-color-input-selected: hsl( from #a40000 h s l \/ 0.1 );\n\t\t\t\t\t--srfm-btn-color-hover: hsl( from #a40000 h s l \/ 0.9 );\n\t\t\t\t\t--srfm-btn-color-disabled: hsl( from #a40000 h s l \/ 0.25 );\n\n\t\t\t\t\t\/* Dropdown Variables *\/\n\t\t\t\t\t--srfm-dropdown-input-background-hover: hsl( from #ffffff h s l \/ 0.05 );\n\t\t\t\t\t--srfm-dropdown-option-background-hover: hsl( from #ffffff h s l \/ 0.10 );\n\t\t\t\t\t--srfm-dropdown-option-background-selected: hsl( from #ffffff h s l \/ 0.05 );\n\t\t\t\t\t--srfm-dropdown-option-selected-icon: hsl( from #ffffff h s l \/ 0.65 );\n\t\t\t\t\t--srfm-dropdown-option-text-color: hsl( from #ffffff h s l \/ 0.80 );\n\t\t\t\t\t--srfm-dropdown-option-selected-text: #ffffff;\n\t\t\t\t\t--srfm-dropdown-badge-background: hsl( from #ffffff h s l \/ 0.05 );\n\t\t\t\t\t--srfm-dropdown-badge-background-hover: hsl( from #ffffff h s l \/ 0.10 );\n\t\t\t\t\t--srfm-dropdown-menu-border-color: hsl( from #ffffff h s l \/ 0.10 );\n\t\t\t\t\t--srfm-dropdown-placeholder-color: hsl( from #ffffff h s l \/ 0.50 );\n\t\t\t\t\t--srfm-dropdown-icon-color: hsl( from #ffffff h s l \/ 0.65 );\n\t\t\t\t\t--srfm-dropdown-icon-disabled: hsl( from #ffffff h s l \/ 0.25 );\n\n\t\t\t\t\t\/* Background Control Variables *\/\n\t\t\t\t\t--srfm-instant-form-padding-top: 32px;--srfm-instant-form-padding-right: 32px;--srfm-instant-form-padding-bottom: 32px;--srfm-instant-form-padding-left: 32px;--srfm-instant-form-border-radius-top: 12px;--srfm-instant-form-border-radius-right: 12px;--srfm-instant-form-border-radius-bottom: 12px;--srfm-instant-form-border-radius-left: 12px;--srfm-form-padding-top: 21px;--srfm-form-padding-right: 21px;--srfm-form-padding-bottom: 21px;--srfm-form-padding-left: 21px;--srfm-form-border-radius-top: 25px;--srfm-form-border-radius-right: 25px;--srfm-form-border-radius-bottom: 25px;--srfm-form-border-radius-left: 25px;--srfm-bg-color: rgba(163,0,0,0.61);--srfm-bg-overlay-opacity: 1;\t\t\t\t\t--srfm-row-gap-between-blocks: 16px;--srfm-address-label-font-size: 14px;--srfm-address-label-line-height: 20px;--srfm-address-description-font-size: 12px;--srfm-address-description-line-height: 16px;--srfm-col-gap-between-fields: 12px;--srfm-row-gap-between-fields: 12px;--srfm-gap-below-address-label: 12px;--srfm-dropdown-font-size: 14px;--srfm-dropdown-gap-between-input-menu: 4px;--srfm-dropdown-badge-padding: 2px 6px;--srfm-dropdown-multiselect-font-size: 12px;--srfm-dropdown-multiselect-line-height: 16px;--srfm-dropdown-padding-right: 12px;--srfm-dropdown-padding-right-icon: calc( var( --srfm-dropdown-padding-right ) + 20px );--srfm-dropdown-multiselect-padding: 8px var( --srfm-dropdown-padding-right-icon ) 8px 8px;--srfm-input-height: 40px;--srfm-input-field-padding: 10px 12px;--srfm-input-field-font-size: 14px;--srfm-input-field-line-height: 20px;--srfm-input-field-margin-top: 4px;--srfm-input-field-margin-bottom: 4px;--srfm-checkbox-label-font-size: 14px;--srfm-checkbox-label-line-height: 20px;--srfm-checkbox-description-font-size: 12px;--srfm-checkbox-description-line-height: 16px;--srfm-check-ctn-width: 16px;--srfm-check-ctn-height: 16px;--srfm-check-svg-size: 10px;--srfm-checkbox-margin-top-frontend: 2px;--srfm-checkbox-margin-top-editor: 3px;--srfm-check-gap: 8px;--srfm-checkbox-description-margin-left: 24px;--srfm-flag-section-padding: 10px 0 10px 12px;--srfm-gap-between-icon-text: 8px;--srfm-label-font-size: 14px;--srfm-label-line-height: 20px;--srfm-description-font-size: 12px;--srfm-description-line-height: 16px;--srfm-btn-padding: 8px 14px;--srfm-btn-font-size: 14px;--srfm-btn-line-height: 20px;--srfm-multi-choice-horizontal-padding: 16px;--srfm-multi-choice-vertical-padding: 16px;--srfm-multi-choice-internal-option-gap: 8px;--srfm-multi-choice-vertical-svg-size: 32px;--srfm-multi-choice-horizontal-image-size: 20px;--srfm-multi-choice-vertical-image-size: 100px;--srfm-multi-choice-outer-padding: 0;\t\t\t\t}\n\t\t\t<\/style>\n\t\t\t\t\t\t\t<form method=\"post\" enctype=\"multipart\/form-data\" id=\"srfm-form-113\" class=\"srfm-form \"\n\t\t\t\tform-id=\"113\" after-submission=\"hide form\" message-type=\"same page\" success-url=\"\" ajaxurl=\"https:\/\/adlyagency.com\/wp-admin\/admin-ajax.php\" data-submit-token=\"7d3c93358dfec8ee4901bc2fc20fab938a44bcf06318eef69185964a17173a42\"\n\t\t\t\t>\n\t\t\t\t\n\t\t\t\t<input type=\"hidden\" value=\"113\" name=\"form-id\">\n\t\t\t\t<input type=\"hidden\" value=\"\" name=\"srfm-sender-email-field\" id=\"srfm-sender-email\">\n\t\t\t\t<input type=\"hidden\" value=\"\" id=\"srfm-page-break\">\n\t\t\t\t\t\t<p id=\"srfm-error-message\" class=\"srfm-common-error-message srfm-error-message srfm-head-error\" hidden>\t\t<span class=\"srfm-icon\" aria-hidden=\"true\">\n\t\t\t<svg xmlns='http:\/\/www.w3.org\/2000\/svg' width='20' height='20' fill='none'><path d='M9.99935 18.3327C14.6017 18.3327 18.3327 14.6017 18.3327 9.99935C18.3327 5.39698 14.6017 1.66602 9.99935 1.66602C5.39698 1.66602 1.66602 5.39698 1.66602 9.99935C1.66602 14.6017 5.39698 18.3327 9.99935 18.3327Z' stroke='currentColor' stroke-width='1.5' stroke-linecap='round' stroke-linejoin='round' \/><path d='M10 6.66602V9.99935' stroke='currentColor' stroke-width='1.5' stroke-linecap='round' stroke-linejoin='round' \/><path d='M10 13.334H10.0083' stroke='currentColor' stroke-width='1.5' stroke-linecap='round' stroke-linejoin='round' \/><\/svg>\t\t<\/span>\n\t\t<span class=\"srfm-error-content\">Une erreur s\u2019est produite lors de l\u2019envoi de votre formulaire. Veuillez r\u00e9essayer.<\/span><\/p>\n\t\t\t\t\t<div data-block-id=\"7383240c\" class=\"srfm-block-single srfm-block srfm-input-block srf-input-7383240c-block  srfm-block-width-100 srfm-slug-first-name 113\" >\n\t\t\t\t\t\t\t\t<label id=\"srfm-label-7383240c-lbl-UHLDqW5vbQ\" for=\"srfm-input-7383240c-lbl-UHLDqW5vbQ\" class=\"srfm-block-label\">\n\t\t\t\t\t\tPr\u00e9nom\t\t\t\t\t\t\t\t\t\t\t\t\t<span class=\"srfm-required\" aria-hidden=\"true\"> *<\/span>\n\t\t\t\t\t\t\t\t\t\t\t<\/label>\n\t\t\t\t\t\t\t\t\t\t\t\t<div class=\"srfm-block-wrap\">\n\t\t\t\t<input class=\"srfm-input-common srfm-input-input\" type=\"text\" name=\"srfm-input-7383240c-lbl-UHLDqW5vbQ-first-name\" id=\"srfm-input-7383240c-lbl-UHLDqW5vbQ\"\n\t\t\t\t\taria-describedby='srfm-error-7383240c'\t\t\t\t\tdata-required=\"true\" aria-required=\"true\" data-unique=\"false\" maxlength=\"100\" value=\"\"  data-srfm-mask=\"none\"   \/>\n\t\t\t\t<\/div>\n\t\t\t\t<div class=\"srfm-error-wrap\">\n\t\t\t\t\t\t\t\t\t\t<div class=\"srfm-error-message\" data-srfm-id=\"srfm-error-7383240c\" data-error-msg=\"Ce champ est n\u00e9cessaire.\" data-unique-msg=\"La valeur doit \u00eatre unique.\">\n\t\t\t\t\t\tCe champ est n\u00e9cessaire.\t\t\t\t\t<\/div>\n\t\t\t\t\t\t\t\t\t<\/div>\n\t\t\t<\/div>\n\t\t\n\n\t\t\t<div data-block-id=\"f34ff823\" class=\"srfm-block-single srfm-block srfm-input-block srf-input-f34ff823-block  srfm-block-width-100 srfm-slug-last-name 113\" >\n\t\t\t\t\t\t\t\t<label id=\"srfm-label-f34ff823-lbl-Tm9t\" for=\"srfm-input-f34ff823-lbl-Tm9t\" class=\"srfm-block-label\">\n\t\t\t\t\t\tNom\t\t\t\t\t\t\t\t\t\t\t\t\t<span class=\"srfm-required\" aria-hidden=\"true\"> *<\/span>\n\t\t\t\t\t\t\t\t\t\t\t<\/label>\n\t\t\t\t\t\t\t\t\t\t\t\t<div class=\"srfm-block-wrap\">\n\t\t\t\t<input class=\"srfm-input-common srfm-input-input\" type=\"text\" name=\"srfm-input-f34ff823-lbl-Tm9t-last-name\" id=\"srfm-input-f34ff823-lbl-Tm9t\"\n\t\t\t\t\taria-describedby='srfm-error-f34ff823'\t\t\t\t\tdata-required=\"true\" aria-required=\"true\" data-unique=\"false\" maxlength=\"100\" value=\"\"  data-srfm-mask=\"none\"   \/>\n\t\t\t\t<\/div>\n\t\t\t\t<div class=\"srfm-error-wrap\">\n\t\t\t\t\t\t\t\t\t\t<div class=\"srfm-error-message\" data-srfm-id=\"srfm-error-f34ff823\" data-error-msg=\"Ce champ est n\u00e9cessaire.\" data-unique-msg=\"La valeur doit \u00eatre unique.\">\n\t\t\t\t\t\tCe champ est n\u00e9cessaire.\t\t\t\t\t<\/div>\n\t\t\t\t\t\t\t\t\t<\/div>\n\t\t\t<\/div>\n\t\t\n\n\t\t\t<div data-block-id=\"9cfa7015\" class=\"srfm-block-single srfm-block srfm-email-block srf-email-9cfa7015-block  srfm-block-width-100 srfm-slug-email-address 113 srfm-email-block-wrap\">\n\t\t\t\t<div class=\"srfm-email-block srf-email-9cfa7015-block\">\n\t\t\t\t\t\t\t\t\t\t<label id=\"srfm-label-9cfa7015-lbl-QWRyZXNzZSBtYWls\" for=\"srfm-email-9cfa7015-lbl-QWRyZXNzZSBtYWls\" class=\"srfm-block-label\">\n\t\t\t\t\t\tAdresse mail\t\t\t\t\t\t\t\t\t\t\t\t\t<span class=\"srfm-required\" aria-hidden=\"true\"> *<\/span>\n\t\t\t\t\t\t\t\t\t\t\t<\/label>\n\t\t\t\t\t\t\t\t\t\t\t\t\t\t\t<div class=\"srfm-description\" id=\"srfm-description-9cfa7015\">\n\t\t\t\t\t\tEntrez votre adresse mail.\t\t\t\t\t<\/div>\n\t\t\t\t\t\t\t\t\t\t<div class=\"srfm-block-wrap\">\n\t\t\t\t\t\t<input class=\"srfm-input-common srfm-input-email\" type=\"email\" name=\"srfm-email-9cfa7015-lbl-QWRyZXNzZSBtYWls-email-address\" id=\"srfm-email-9cfa7015-lbl-QWRyZXNzZSBtYWls\"\n\t\t\t\t\t\taria-describedby='srfm-error-9cfa7015 srfm-description-9cfa7015'\t\t\t\t\t\tdata-required=\"true\" aria-required=\"true\" data-unique=\"false\" value=\"\"   \/>\n\t\t\t\t\t<\/div>\n\t\t\t\t\t<div class=\"srfm-error-wrap\">\n\t\t\t\t\t\t\t\t\t\t\t<div class=\"srfm-error-message\" data-srfm-id=\"srfm-error-9cfa7015\" data-error-msg=\"Ce champ est n\u00e9cessaire.\" data-unique-msg=\"La valeur doit \u00eatre unique.\">\n\t\t\t\t\t\tCe champ est n\u00e9cessaire.\t\t\t\t\t<\/div>\n\t\t\t\t\t\t\t\t\t\t<\/div>\n\t\t\t\t<\/div>\n\t\t\t\t\t\t\t<\/div>\n\t\t\n\n\t\t<div data-block-id=\"b68d4219\" class=\"srfm-block-single srfm-block srfm-phone-block srf-phone-b68d4219-block srfm-block-width-100 113\">\n\t\t\t\t\t\t\t\t<label id=\"srfm-label-b68d4219-lbl-TnVtw6lybyBkZSB0w6lsw6lwaG9uZQ\" for=\"srfm-phone-b68d4219-lbl-TnVtw6lybyBkZSB0w6lsw6lwaG9uZQ\" class=\"srfm-block-label\">\n\t\t\t\t\t\tNum\u00e9ro de t\u00e9l\u00e9phone\t\t\t\t\t\t\t\t\t\t\t<\/label>\n\t\t\t\t\t\t\t\t\t\t\t\t\t<div class=\"srfm-description\" id=\"srfm-description-b68d4219\">\n\t\t\t\t\t\tEntrez votre num\u00e9ro de t\u00e9l\u00e9phone.\t\t\t\t\t<\/div>\n\t\t\t\t\t\t\t\t<div class=\"srfm-block-wrap\">\n\t\t\t\t<input type=\"tel\"\n\t\t\t\t\tclass=\"srfm-input-common srfm-input-phone\"\n\t\t\t\t\tname=\"srfm-phone-b68d4219-lbl-TnVtw6lybyBkZSB0w6lsw6lwaG9uZQ-phone-number\"\n\t\t\t\t\tid=\"srfm-phone-b68d4219-lbl-TnVtw6lybyBkZSB0w6lsw6lwaG9uZQ\"\n\t\t\t\t\taria-describedby='srfm-error-b68d4219 srfm-description-b68d4219'\t\t\t\t\tdata-required=\"false\"\n\t\t\t\t\taria-required=\"false\"\n\t\t\t\t\tauto-country=\"true\"\n\t\t\t\t\tdefault-country=\"\"\n\t\t\t\t\t\t\t\t\t\tvalue=\"\"\n\t\t\t\t\t\t\t\t\t\tdata-unique=\"false\">\n\t\t\t<\/div>\n\t\t\t<div class=\"srfm-error-wrap\">\n\t\t\t\t\t\t\t\t\t<div class=\"srfm-error-message\" data-srfm-id=\"srfm-error-b68d4219\" data-error-msg=\"Ce champ est n\u00e9cessaire.\" data-unique-msg=\"La valeur doit \u00eatre unique.\">\n\t\t\t\t\t\tCe champ est n\u00e9cessaire.\t\t\t\t\t<\/div>\n\t\t\t\t\t\t\t\t<\/div>\n\t\t<\/div>\n\t\t\n\n\t\t\t<div data-block-id=\"a4b03c2b\" class=\"srfm-block-single srfm-block srfm-input-block srf-input-a4b03c2b-block  srfm-block-width-100 srfm-slug-company-name 113\" >\n\t\t\t\t\t\t\t\t<label id=\"srfm-label-a4b03c2b-lbl-RW50cmVwcmlzZQ\" for=\"srfm-input-a4b03c2b-lbl-RW50cmVwcmlzZQ\" class=\"srfm-block-label\">\n\t\t\t\t\t\tEntreprise\t\t\t\t\t\t\t\t\t\t\t<\/label>\n\t\t\t\t\t\t\t\t\t\t\t\t\t<div class=\"srfm-description\" id=\"srfm-description-a4b03c2b\">\n\t\t\t\t\t\tEntrez le nom de votre entreprise.\t\t\t\t\t<\/div>\n\t\t\t\t\t\t\t\t\t<div class=\"srfm-block-wrap\">\n\t\t\t\t<input class=\"srfm-input-common srfm-input-input\" type=\"text\" name=\"srfm-input-a4b03c2b-lbl-RW50cmVwcmlzZQ-company-name\" id=\"srfm-input-a4b03c2b-lbl-RW50cmVwcmlzZQ\"\n\t\t\t\t\taria-describedby='srfm-error-a4b03c2b srfm-description-a4b03c2b'\t\t\t\t\tdata-required=\"false\" aria-required=\"false\" data-unique=\"false\" maxlength=\"100\" value=\"\"  data-srfm-mask=\"none\"   \/>\n\t\t\t\t<\/div>\n\t\t\t\t<div class=\"srfm-error-wrap\">\n\t\t\t\t\t\t\t\t\t\t<div class=\"srfm-error-message\" data-srfm-id=\"srfm-error-a4b03c2b\" data-error-msg=\"Ce champ est n\u00e9cessaire.\" data-unique-msg=\"La valeur doit \u00eatre unique.\">\n\t\t\t\t\t\tCe champ est n\u00e9cessaire.\t\t\t\t\t<\/div>\n\t\t\t\t\t\t\t\t\t<\/div>\n\t\t\t<\/div>\n\t\t\n\n\t\t\t<div data-block-id=\"bd8ab942\" class=\"srfm-block-single srfm-block srfm-dropdown-block srf-dropdown-bd8ab942-block  srfm-block-width-100 srfm-slug-industry 113\">\n\t\t\t\t<fieldset>\n\t\t\t\t\t<input class=\"srfm-input-dropdown-hidden\" data-required=\"false\" aria-required=\"false\"  name=\"srfm-dropdown-1-bd8ab942-lbl-U2VjdGV1ciBkJ2FjdGl2aXTDqQ-industry\" type=\"hidden\" value=\"\"\/>\n\t\t\t\t\t<legend class=\"srfm-block-legend\">\n\t\t\t\t\t\t\t\t\t\t\tSecteur d'activit\u00e9\t\t\t\t\t\t\t\t\t\t\t\t\t\t\t\t\t\t\t\t\t<div class=\"srfm-description\" id=\"srfm-description-bd8ab942\">\n\t\t\t\t\t\tIndiquez votre secteur d'activit\u00e9\t\t\t\t\t<\/div>\n\t\t\t\t\t\t\t\t\t\t<\/legend>\n\t\t\t\t\t<div class=\"srfm-block-wrap srfm-dropdown-common-wrap\">\n\t\t\t\t\t\t\t\t\t\t<select\n\t\t\t\t\t\tclass=\"srfm-dropdown-common srfm-dropdown-input\"\n\t\t\t\t\t\taria-describedby='srfm-error-bd8ab942 srfm-description-bd8ab942'\t\t\t\tdata-required=\"false\" aria-required=\"false\"  name=\"srfm-dropdown-1-bd8ab942-lbl-U2VjdGV1ciBkJ2FjdGl2aXTDqQ-industry\" data-multiple=\"false\" data-searchable=\"true\"\n\t\t\t\t\t\t\t\t\t\t\t\ttabindex=\"0\" aria-hidden=\"true\">\n\t\t\t\t\t<option class=\"srfm-dropdown-placeholder\" value=\"\" disabled selected>S\u00e9lectionnez une option<\/option>\n\t\t\t\t\t\t\t\t\t\t\t\t\t\t\t\t\t\t\t\t\t<option value=\"Technologie\" data-icon=\"\"  >Technologie<\/option>\n\t\t\t\t\t\t\t\t\t\t\t\t\t\t\t\t\t\t\t\t\t\t\t<option value=\"Sant\u00e9\" data-icon=\"\"  >Sant\u00e9<\/option>\n\t\t\t\t\t\t\t\t\t\t\t\t\t\t\t\t\t\t\t\t\t\t\t<option value=\"Finance\" data-icon=\"\"  >Finance<\/option>\n\t\t\t\t\t\t\t\t\t\t\t\t\t\t\t\t\t\t\t\t\t\t\t<option value=\"Education\" data-icon=\"\"  >Education<\/option>\n\t\t\t\t\t\t\t\t\t\t\t\t\t\t\t\t\t\t\t\t\t\t\t<option value=\"Communication\" data-icon=\"\"  >Communication<\/option>\n\t\t\t\t\t\t\t\t\t\t\t\t\t\t\t\t\t\t\t\t\t\t\t<option value=\"Marketing\" data-icon=\"\"  >Marketing<\/option>\n\t\t\t\t\t\t\t\t\t\t\t\t\t\t\t\t\t\t\t\t\t\t\t<option value=\"Restauration\" data-icon=\"\"  >Restauration<\/option>\n\t\t\t\t\t\t\t\t\t\t\t\t\t\t\t\t\t\t\t\t\t\t\t<option value=\"Other\" data-icon=\"\"  >Other<\/option>\n\t\t\t\t\t\t\t\t\t\t\t\t\t<\/select>\n\t\t\t\t\t\t\t\t\t\t<\/div>\n\t\t\t\t\t<div class=\"srfm-error-wrap\">\n\t\t\t\t\t\t\t\t\t\t\t<\/div>\n\t\t\t\t<\/fieldset>\n\t\t\t<\/div>\n\t\t\n\n\t\t<div data-block-id=\"c04f84dc\" class=\"srfm-block-single srfm-block srfm-textarea-block srf-textarea-c04f84dc-block  srfm-block-width-100 113\">\n\t\t\t\t\t\t\t\t<label id=\"srfm-label-c04f84dc-lbl-TWVzc2FnZQ-5376\" for=\"srfm-textarea-c04f84dc-lbl-TWVzc2FnZQ-5376\" class=\"srfm-block-label\">\n\t\t\t\t\t\tMessage\t\t\t\t\t\t\t\t\t\t\t<\/label>\n\t\t\t\t\t\t\t\t\t\t\t\t\t<div class=\"srfm-description\" id=\"srfm-description-c04f84dc\">\n\t\t\t\t\t\tFaites votre demande ci-dessous.\t\t\t\t\t<\/div>\n\t\t\t\t\t\t\t\t<div class=\"srfm-block-wrap\">\n\t\t\t\t<textarea\n\t\t\t\t\tclass=\"srfm-input-common srfm-input-textarea\"\n\t\t\t\t\tname=\"srfm-textarea-c04f84dc-lbl-TWVzc2FnZQ-message\"\n\t\t\t\t\tid=\"srfm-textarea-c04f84dc-lbl-TWVzc2FnZQ-5376\"\n\t\t\t\t\taria-describedby='srfm-error-c04f84dc srfm-description-c04f84dc'\t\t\t\t\tdata-required=\"false\" aria-required=\"false\"  rows=\"4\"  \t\t\t\t\t\t\t\t\t\t\t\t\t\t\t><\/textarea>\n\t\t\t\t\t\t\t<\/div>\n\t\t\t<div class=\"srfm-error-wrap\">\n\t\t\t\t\t\t\t<\/div>\n\t\t<\/div>\n\n\t\t\t\t\t\t\t\n\t\t\t\t\t\n\t\t\t\t\t<div class=\"srfm-submit-container \" style=\"\">\n\t\t\t\t\t\t<div style=\"width: ; text-align: left\" class=\"wp-block-button\">\n\t\t\t\t\t\t\t\t\t\t\t\t\t\t\t\t\t\t\t<button style=\"\" id=\"srfm-submit-btn\" class=\"srfm-btn-frontend srfm-button srfm-submit-button\"\n\t\t\t\t\t\t\t\t\t\t\t\t\t\t>\n\t\t\t\t\t\t\t\t<div class=\"srfm-submit-wrap\">\n\t\t\t\t\t\t\t\t\tSoumettre\t\t\t\t\t\t\t\t<div class=\"srfm-loader\"><\/div>\n\t\t\t\t\t\t\t\t<\/div>\n\t\t\t\t\t\t\t<\/button>\n\t\t\t\t\t\t\t\t\t\t\t\t\t\t\t\t\t\t<\/div>\n\t\t\t\t\t<\/div>\n\t\t\t\t\t\t\t<p id=\"srfm-error-message\" class=\"srfm-common-error-message srfm-error-message srfm-footer-error\" hidden>\t\t<span class=\"srfm-icon\" aria-hidden=\"true\">\n\t\t\t<svg xmlns='http:\/\/www.w3.org\/2000\/svg' width='20' height='20' fill='none'><path d='M9.99935 18.3327C14.6017 18.3327 18.3327 14.6017 18.3327 9.99935C18.3327 5.39698 14.6017 1.66602 9.99935 1.66602C5.39698 1.66602 1.66602 5.39698 1.66602 9.99935C1.66602 14.6017 5.39698 18.3327 9.99935 18.3327Z' stroke='currentColor' stroke-width='1.5' stroke-linecap='round' stroke-linejoin='round' \/><path d='M10 6.66602V9.99935' stroke='currentColor' stroke-width='1.5' stroke-linecap='round' stroke-linejoin='round' \/><path d='M10 13.334H10.0083' stroke='currentColor' stroke-width='1.5' stroke-linecap='round' stroke-linejoin='round' \/><\/svg>\t\t<\/span>\n\t\t<span class=\"srfm-error-content\">Une erreur s\u2019est produite lors de l\u2019envoi de votre formulaire. Veuillez r\u00e9essayer.<\/span><\/p>\n\t\t\t\t\t<\/form>\n\t\t\t<div class=\"srfm-single-form srfm-success-box in-page\">\n\t\t\t\t<div aria-live=\"polite\" aria-atomic=\"true\" role=\"alert\" id=\"srfm-success-message-page-113\" class=\"srfm-success-box-description\"><\/div>\n\t\t\t<\/div>\n\t\t\t\t\t\t<\/div>\n\t\t\n","protected":false},"excerpt":{"rendered":"<p>Fa\u00e7onnons ensemble votre avenir num\u00e9rique Discutons ensemble de la mani\u00e8re dont nous pouvons collaborer pour fa\u00e7onner l&rsquo;avenir de votre marque dans le paysage num\u00e9rique.<\/p>\n","protected":false},"author":1,"featured_media":0,"parent":0,"menu_order":0,"comment_status":"closed","ping_status":"closed","template":"","meta":{"footnotes":""},"class_list":["post-109","page","type-page","status-publish","hentry"],"_links":{"self":[{"href":"https:\/\/adlyagency.com\/index.php?rest_route=\/wp\/v2\/pages\/109","targetHints":{"allow":["GET"]}}],"collection":[{"href":"https:\/\/adlyagency.com\/index.php?rest_route=\/wp\/v2\/pages"}],"about":[{"href":"https:\/\/adlyagency.com\/index.php?rest_route=\/wp\/v2\/types\/page"}],"author":[{"embeddable":true,"href":"https:\/\/adlyagency.com\/index.php?rest_route=\/wp\/v2\/users\/1"}],"replies":[{"embeddable":true,"href":"https:\/\/adlyagency.com\/index.php?rest_route=%2Fwp%2Fv2%2Fcomments&post=109"}],"version-history":[{"count":4,"href":"https:\/\/adlyagency.com\/index.php?rest_route=\/wp\/v2\/pages\/109\/revisions"}],"predecessor-version":[{"id":115,"href":"https:\/\/adlyagency.com\/index.php?rest_route=\/wp\/v2\/pages\/109\/revisions\/115"}],"wp:attachment":[{"href":"https:\/\/adlyagency.com\/index.php?rest_route=%2Fwp%2Fv2%2Fmedia&parent=109"}],"curies":[{"name":"wp","href":"https:\/\/api.w.org\/{rel}","templated":true}]}}